{"id":366,"date":"2017-06-07T19:31:44","date_gmt":"2017-06-07T19:31:44","guid":{"rendered":"http:\/\/themes.getmotopress.com\/oceanica\/?page_id=366"},"modified":"2025-08-06T00:48:54","modified_gmt":"2025-08-06T00:48:54","slug":"book-online","status":"publish","type":"page","link":"https:\/\/gunarasgarden.hu\/?page_id=366","title":{"rendered":"Online Foglal\u00e1s"},"content":{"rendered":"<p>Add meg az \u00e9rkez\u00e9s \u00e9s t\u00e1voz\u00e1s d\u00e1tum\u00e1t, valamint a vend\u00e9gek sz\u00e1m\u00e1t \u2013 n\u00e9zd meg a legjobb el\u00e9rhet\u0151 \u00e1rat, \u00e9s foglalj online, egyszer\u0171en!<\/p>\n<div class=\"mphb_sc_search-wrapper \">\n<form method=\"GET\" class=\"mphb_sc_search-form\" action=\"https:\/\/gunarasgarden.hu\/?page_id=2710\" data-first_available_check_in_date=\"2026-05-02\">\n\n\t<input type=\"hidden\" name=\"page_id\" value=\"2710\" \/><p class = \"mphb-required-fields-tip\">\n\t<small>\n\t\tA k\u00f6telez\u0151en kit\u00f6ltend\u0151 mez\u0151ket a k\u00f6vetkez\u0151 szimb\u00f3lum k\u00f6veti:\t\t<abbr title=\"required\">*<\/abbr>\n\t<\/small>\n<\/p>\n\n\t<p class=\"mphb_sc_search-check-in-date\">\n\t\t<label for=\"mphb_check_in_date-mphb-search-form-69f5c3c54e6e9\">\n\t\t\tBejelentkez\u00e9s\t\t\t<abbr title=\"Form\u00e1zott dd\/mm\/yyyy\">*<\/abbr>\n\t\t<\/label>\n\t\t<br \/>\n\t\t<input\n\t\t\tid=\"mphb_check_in_date-mphb-search-form-69f5c3c54e6e9\"\n\t\t\tdata-datepick-group=\"mphb-search-form-69f5c3c54e6e9\"\n\t\t\tvalue=\"\"\n\t\t\tplaceholder=\"Bejelentkez\u00e9si d\u00e1tum\"\n\t\t\trequired=\"required\"\n\t\t\ttype=\"text\"\n\t\t\tinputmode=\"none\"\n\t\t\tname=\"mphb_check_in_date\"\n\t\t\tclass=\"mphb-datepick\"\n\t\t\tautocomplete=\"off\"\n\t\t\t\/>\n\t<\/p>\n\n\t<p class=\"mphb_sc_search-check-out-date\">\n\t\t<label for=\"mphb_check_out_date-mphb-search-form-69f5c3c54e6e9\">\n\t\t\tKijelentkez\u00e9s\t\t\t<abbr title=\"Form\u00e1zott dd\/mm\/yyyy\">*<\/abbr>\n\t\t<\/label>\n\t\t<br \/>\n\t\t<input\n\t\t\tid=\"mphb_check_out_date-mphb-search-form-69f5c3c54e6e9\"\n\t\t\tdata-datepick-group=\"mphb-search-form-69f5c3c54e6e9\"\n\t\t\tvalue=\"\"\n\t\t\tplaceholder=\"Kijelentkez\u00e9si d\u00e1tum\"\n\t\t\trequired=\"required\"\n\t\t\ttype=\"text\"\n\t\t\tinputmode=\"none\"\n\t\t\tname=\"mphb_check_out_date\"\n\t\t\tclass=\"mphb-datepick\"\n\t\t\tautocomplete=\"off\"\n\t\t\t\/>\n\t<\/p>\n\n\t\t\t<p class=\"mphb_sc_search-adults\">\n\t\t\t<label for=\"mphb_adults-mphb-search-form-69f5c3c54e6e9\">\n\t\t\t\tFeln\u0151ttek sz\u00e1ma\t\t\t<\/label>\n\t\t\t<br \/>\n\t\t\t<select id=\"mphb_adults-mphb-search-form-69f5c3c54e6e9\" name=\"mphb_adults\" >\n\t\t\t\t\t\t\t\t\t<option value=\"1\"  selected='selected'>1<\/option>\n\t\t\t\t\t\t\t\t\t<option value=\"2\" >2<\/option>\n\t\t\t\t\t\t\t\t\t<option value=\"3\" >3<\/option>\n\t\t\t\t\t\t\t<\/select>\n\t\t<\/p>\n\t\n\t\t\t<p class=\"mphb_sc_search-children\">\n\t\t\t<label for=\"mphb_children-mphb-search-form-69f5c3c54e6e9\">\n\t\t\t\tGyermekek\t\t\t<\/label>\n\t\t\t<br \/>\n\t\t\t<select id=\"mphb_children-mphb-search-form-69f5c3c54e6e9\" name=\"mphb_children\">\n\t\t\t\t\t\t\t\t\t<option value=\"0\"  selected='selected'>0<\/option>\n\t\t\t\t\t\t\t\t\t<option value=\"1\" >1<\/option>\n\t\t\t\t\t\t\t\t\t<option value=\"2\" >2<\/option>\n\t\t\t\t\t\t\t<\/select>\n\t\t<\/p>\n\t\n\t\n\t\n\t<input id=\"mphb_check_in_date-mphb-search-form-69f5c3c54e6e9-hidden\" value=\"\" type=\"hidden\" name=\"mphb_check_in_date\" \/><input id=\"mphb_check_out_date-mphb-search-form-69f5c3c54e6e9-hidden\" value=\"\" type=\"hidden\" name=\"mphb_check_out_date\" \/>\n\t<p class=\"mphb_sc_search-submit-button-wrapper\">\n\t\t<input type=\"submit\" class=\"button\" value=\"Keres\u00e9s\"\/>\n\t<\/p>\n\n\t\n<\/form>\n<\/div>\n\n\n<p><\/p>\n","protected":false},"excerpt":{"rendered":"<p>Az online foglal\u00e1s n\u00e1lunk gyors \u00e9s egyszer\u0171.<\/p>\n","protected":false},"author":1,"featured_media":0,"parent":0,"menu_order":0,"comment_status":"closed","ping_status":"closed","template":"template-full-width-page.php","meta":{"footnotes":""},"class_list":["post-366","page","type-page","status-publish","hentry"],"jetpack_sharing_enabled":true,"_links":{"self":[{"href":"https:\/\/gunarasgarden.hu\/index.php?rest_route=\/wp\/v2\/pages\/366","targetHints":{"allow":["GET"]}}],"collection":[{"href":"https:\/\/gunarasgarden.hu\/index.php?rest_route=\/wp\/v2\/pages"}],"about":[{"href":"https:\/\/gunarasgarden.hu\/index.php?rest_route=\/wp\/v2\/types\/page"}],"author":[{"embeddable":true,"href":"https:\/\/gunarasgarden.hu\/index.php?rest_route=\/wp\/v2\/users\/1"}],"replies":[{"embeddable":true,"href":"https:\/\/gunarasgarden.hu\/index.php?rest_route=%2Fwp%2Fv2%2Fcomments&post=366"}],"version-history":[{"count":0,"href":"https:\/\/gunarasgarden.hu\/index.php?rest_route=\/wp\/v2\/pages\/366\/revisions"}],"wp:attachment":[{"href":"https:\/\/gunarasgarden.hu\/index.php?rest_route=%2Fwp%2Fv2%2Fmedia&parent=366"}],"curies":[{"name":"wp","href":"https:\/\/api.w.org\/{rel}","templated":true}]}}