{"id":2650,"date":"2025-08-04T09:26:19","date_gmt":"2025-08-04T09:26:19","guid":{"rendered":"https:\/\/gunarasgarden.hu\/?page_id=2650"},"modified":"2025-08-14T00:39:59","modified_gmt":"2025-08-14T00:39:59","slug":"hotel-term-condition","status":"publish","type":"page","link":"https:\/\/gunarasgarden.hu\/?page_id=2650","title":{"rendered":"\u00c1SZF"},"content":{"rendered":"\t\t<div data-elementor-type=\"wp-page\" data-elementor-id=\"2650\" class=\"elementor elementor-2650\">\n\t\t\t\t\t\t<section class=\"elementor-section elementor-top-section elementor-element elementor-element-42f8859d elementor-section-boxed elementor-section-height-default elementor-section-height-default wpr-particle-no wpr-jarallax-no wpr-parallax-no wpr-sticky-section-no wpr-equal-height-no\" data-id=\"42f8859d\" data-element_type=\"section\" data-e-type=\"section\">\n\t\t\t\t\t\t<div class=\"elementor-container elementor-column-gap-default\">\n\t\t\t\t\t<div class=\"elementor-column elementor-col-100 elementor-top-column elementor-element elementor-element-7c5222c7\" data-id=\"7c5222c7\" data-element_type=\"column\" data-e-type=\"column\">\n\t\t\t<div class=\"elementor-widget-wrap elementor-element-populated\">\n\t\t\t\t\t\t<div class=\"elementor-element elementor-element-63428d0a elementor-widget elementor-widget-text-editor\" data-id=\"63428d0a\" data-element_type=\"widget\" data-e-type=\"widget\" data-widget_type=\"text-editor.default\">\n\t\t\t\t<div class=\"elementor-widget-container\">\n\t\t\t\t\t\t\t\t\t<p data-start=\"271\" data-end=\"488\"><strong data-start=\"271\" data-end=\"284\">Hat\u00e1lyos:<\/strong> 2025. augusztus 13-t\u00f3l<br data-start=\"307\" data-end=\"310\" \/><strong data-start=\"310\" data-end=\"325\">\u00dczemeltet\u0151:<\/strong><br data-start=\"325\" data-end=\"328\" \/>Coffeemat Vending Solutions Kft.<br data-start=\"360\" data-end=\"363\" \/>Sz\u00e9khely: 7200 Domb\u00f3v\u00e1r, F\u00fcrd\u0151 utca 24.<br data-start=\"402\" data-end=\"405\" \/>Ad\u00f3sz\u00e1m: 12896976-2-17<br data-start=\"427\" data-end=\"430\" \/>E-mail: <a class=\"cursor-pointer\" rel=\"noopener\" data-start=\"438\" data-end=\"459\">info@gunarasgarden.hu<\/a><br data-start=\"459\" data-end=\"462\" \/>Telefon: +36 20 469 9613<\/p><h2 data-start=\"490\" data-end=\"507\">1. Bevezet\u00e9s<\/h2><p data-start=\"508\" data-end=\"865\">Jelen \u00c1ltal\u00e1nos Szerz\u0151d\u00e9si Felt\u00e9telek (a tov\u00e1bbiakban: <strong data-start=\"563\" data-end=\"571\">\u00c1SZF<\/strong>) szab\u00e1lyozz\u00e1k a Coffeemat Vending Solutions Kft. (tov\u00e1bbiakban: <strong data-start=\"636\" data-end=\"651\">Szolg\u00e1ltat\u00f3<\/strong>) \u00e1ltal \u00fczemeltetett <a class=\"\" href=\"https:\/\/www.gunarasgarden.hu\/\" target=\"_new\" rel=\"noopener\" data-start=\"672\" data-end=\"724\">www.gunarasgarden.hu<\/a> weboldalon kereszt\u00fcl t\u00f6rt\u00e9n\u0151 sz\u00e1ll\u00e1sfoglal\u00e1s felt\u00e9teleit.<br data-start=\"782\" data-end=\"785\" \/>A weboldalon kereszt\u00fcl t\u00f6rt\u00e9n\u0151 foglal\u00e1ssal a Vend\u00e9g elfogadja a jelen \u00c1SZF-et.<\/p><h2 data-start=\"867\" data-end=\"895\">2. Szolg\u00e1ltat\u00e1s le\u00edr\u00e1sa<\/h2><p data-start=\"896\" data-end=\"1111\">A Szolg\u00e1ltat\u00f3 sz\u00e1ll\u00e1shely-szolg\u00e1ltat\u00e1st ny\u00fajt a <strong data-start=\"944\" data-end=\"977\">Gunaras Garden Apartmanh\u00e1zban<\/strong>. A weboldalon r\u00e9szletes inform\u00e1ci\u00f3 tal\u00e1lhat\u00f3 az apartmanok felszerelts\u00e9g\u00e9r\u0151l, \u00e1rair\u00f3l \u00e9s az ig\u00e9nybe vehet\u0151 extra szolg\u00e1ltat\u00e1sokr\u00f3l.<\/p><h2 data-start=\"1113\" data-end=\"1136\">3. Foglal\u00e1s menete<\/h2><ul data-start=\"1137\" data-end=\"1385\"><li data-start=\"1137\" data-end=\"1203\"><p data-start=\"1139\" data-end=\"1203\">A foglal\u00e1s kiz\u00e1r\u00f3lag online, a weboldalon kereszt\u00fcl t\u00f6rt\u00e9nhet.<\/p><\/li><li data-start=\"1204\" data-end=\"1327\"><p data-start=\"1206\" data-end=\"1327\">A foglal\u00e1s v\u00e9gleges\u00edt\u00e9se <strong data-start=\"1231\" data-end=\"1250\">el\u0151refizet\u00e9ssel<\/strong>, online bankk\u00e1rty\u00e1s fizet\u00e9ssel t\u00f6rt\u00e9nik a <strong data-start=\"1293\" data-end=\"1303\">Stripe<\/strong> rendszer\u00e9n kereszt\u00fcl.<\/p><\/li><li data-start=\"1328\" data-end=\"1385\"><p data-start=\"1330\" data-end=\"1385\">A foglal\u00e1sr\u00f3l a Vend\u00e9g e-mailben visszaigazol\u00e1st kap.<\/p><\/li><\/ul><h2 data-start=\"1387\" data-end=\"1414\">4. Fizet\u00e9si felt\u00e9telek<\/h2><ul data-start=\"1415\" data-end=\"1580\"><li data-start=\"1415\" data-end=\"1516\"><p data-start=\"1417\" data-end=\"1516\">A foglal\u00e1s teljes \u00f6sszeg\u00e9t a Vend\u00e9g a Stripe biztons\u00e1gos fizet\u00e9si rendszer\u00e9n kereszt\u00fcl fizeti ki.<\/p><\/li><li data-start=\"1517\" data-end=\"1580\"><p data-start=\"1519\" data-end=\"1580\">A fizet\u00e9s sikeress\u00e9ge a foglal\u00e1s \u00e9rv\u00e9nyess\u00e9g\u00e9nek felt\u00e9tele.<\/p><\/li><\/ul><h2 data-start=\"1582\" data-end=\"1610\">5. Lemond\u00e1si felt\u00e9telek<\/h2><ul data-start=\"1611\" data-end=\"1854\"><li data-start=\"1611\" data-end=\"1696\"><p data-start=\"1613\" data-end=\"1696\">A foglal\u00e1s <strong data-start=\"1624\" data-end=\"1649\">ingyenesen lemondhat\u00f3<\/strong> az \u00e9rkez\u00e9s napj\u00e1t megel\u0151z\u0151 10. nap 23:59-ig.<\/p><\/li><li data-start=\"1697\" data-end=\"1766\"><p data-start=\"1699\" data-end=\"1766\">10 napon bel\u00fcli lemond\u00e1s eset\u00e9n a teljes foglal\u00e1si d\u00edj fizetend\u0151.<\/p><\/li><li data-start=\"1767\" data-end=\"1854\"><p data-start=\"1769\" data-end=\"1854\">Amennyiben a foglal\u00e1s 10 napon bel\u00fcli \u00e9rkez\u00e9sre t\u00f6rt\u00e9nik, a lemond\u00e1s nem d\u00edjmentes.<\/p><\/li><\/ul><h2 data-start=\"1856\" data-end=\"1882\">6. \u00c9rkez\u00e9s \u00e9s t\u00e1voz\u00e1s<\/h2><ul data-start=\"1883\" data-end=\"2029\"><li data-start=\"1883\" data-end=\"1913\"><p data-start=\"1885\" data-end=\"1913\"><strong data-start=\"1885\" data-end=\"1898\">Check-in:<\/strong> 14:00 \u00f3r\u00e1t\u00f3l<\/p><\/li><li data-start=\"1914\" data-end=\"1944\"><p data-start=\"1916\" data-end=\"1944\"><strong data-start=\"1916\" data-end=\"1930\">Check-out:<\/strong> 10:00 \u00f3r\u00e1ig<\/p><\/li><li data-start=\"1945\" data-end=\"2029\"><p data-start=\"1947\" data-end=\"2029\">Az ett\u0151l elt\u00e9r\u0151 \u00e9rkez\u00e9si \u00e9s t\u00e1voz\u00e1si id\u0151 el\u0151zetes egyeztet\u00e9s alapj\u00e1n lehets\u00e9ges.<\/p><\/li><\/ul><h2 data-start=\"2031\" data-end=\"2057\">7. Adatkezel\u00e9s (GDPR)<\/h2><ul data-start=\"2058\" data-end=\"2363\"><li data-start=\"2058\" data-end=\"2182\"><p data-start=\"2060\" data-end=\"2182\">A Szolg\u00e1ltat\u00f3 az adatkezel\u00e9st a hat\u00e1lyos GDPR rendelet (2016\/679\/EU) \u00e9s a magyar adatv\u00e9delmi jogszab\u00e1lyok szerint v\u00e9gzi.<\/p><\/li><li data-start=\"2183\" data-end=\"2237\"><p data-start=\"2185\" data-end=\"2237\">Az adatkezel\u00e9si t\u00e1j\u00e9koztat\u00f3 el\u00e9rhet\u0151 a weboldalon.<\/p><\/li><li data-start=\"2238\" data-end=\"2363\"><p data-start=\"2240\" data-end=\"2363\">A foglal\u00e1s sor\u00e1n megadott adatokat a Szolg\u00e1ltat\u00f3 kiz\u00e1r\u00f3lag a szolg\u00e1ltat\u00e1s teljes\u00edt\u00e9s\u00e9hez \u00e9s a sz\u00e1ml\u00e1z\u00e1shoz haszn\u00e1lja fel.<\/p><\/li><\/ul><h2 data-start=\"2365\" data-end=\"2386\">8. Panaszkezel\u00e9s<\/h2><ul data-start=\"2387\" data-end=\"2598\"><li data-start=\"2387\" data-end=\"2513\"><p data-start=\"2389\" data-end=\"2513\">A Vend\u00e9g panasz\u00e1t \u00edr\u00e1sban, az <strong data-start=\"2419\" data-end=\"2444\"><a class=\"cursor-pointer\" rel=\"noopener\" data-start=\"2421\" data-end=\"2442\">info@gunarasgarden.hu<\/a><\/strong> e-mail c\u00edmen vagy postai \u00faton ny\u00fajthatja be a Szolg\u00e1ltat\u00f3 r\u00e9sz\u00e9re.<\/p><\/li><li data-start=\"2514\" data-end=\"2598\"><p data-start=\"2516\" data-end=\"2598\">A Szolg\u00e1ltat\u00f3 a panasz be\u00e9rkez\u00e9s\u00e9t k\u00f6vet\u0151en <strong data-start=\"2560\" data-end=\"2578\">15 napon bel\u00fcl<\/strong> \u00edr\u00e1sban v\u00e1laszol.<\/p><\/li><\/ul><h2 data-start=\"2600\" data-end=\"2628\">9. Felel\u0151ss\u00e9gkorl\u00e1toz\u00e1s<\/h2><p data-start=\"2629\" data-end=\"2776\">A Szolg\u00e1ltat\u00f3 nem v\u00e1llal felel\u0151ss\u00e9get vis maior helyzetek\u00e9rt, valamint olyan esem\u00e9nyek\u00e9rt, amelyek k\u00edv\u00fcl esnek a m\u0171k\u00f6d\u00e9s\u00e9nek befoly\u00e1sol\u00e1si k\u00f6r\u00e9n.<\/p><h2 data-start=\"2778\" data-end=\"2805\">10. Z\u00e1r\u00f3 rendelkez\u00e9sek<\/h2><ul data-start=\"2806\" data-end=\"2936\"><li data-start=\"2806\" data-end=\"2864\"><p data-start=\"2808\" data-end=\"2864\">A Szolg\u00e1ltat\u00f3 fenntartja a jogot az \u00c1SZF m\u00f3dos\u00edt\u00e1s\u00e1ra.<\/p><\/li><li data-start=\"2865\" data-end=\"2936\"><p data-start=\"2867\" data-end=\"2936\">A m\u00f3dos\u00edt\u00e1sok a weboldalon t\u00f6rt\u00e9n\u0151 k\u00f6zz\u00e9t\u00e9tel\u00fckkel l\u00e9pnek hat\u00e1lyba.<\/p><\/li><\/ul><hr data-start=\"2938\" data-end=\"2941\" \/>\t\t\t\t\t\t\t\t<\/div>\n\t\t\t\t<\/div>\n\t\t\t\t\t<\/div>\n\t\t<\/div>\n\t\t\t\t\t<\/div>\n\t\t<\/section>\n\t\t\t\t<\/div>\n\t\t","protected":false},"excerpt":{"rendered":"<p>\u00c1ltal\u00e1nos szerz\u0151d\u00e9si felt\u00e9telek<\/p>\n","protected":false},"author":1,"featured_media":0,"parent":0,"menu_order":0,"comment_status":"closed","ping_status":"closed","template":"template-full-width-grid-page.php","meta":{"footnotes":""},"class_list":["post-2650","page","type-page","status-publish","hentry"],"jetpack_sharing_enabled":true,"_links":{"self":[{"href":"https:\/\/gunarasgarden.hu\/index.php?rest_route=\/wp\/v2\/pages\/2650","targetHints":{"allow":["GET"]}}],"collection":[{"href":"https:\/\/gunarasgarden.hu\/index.php?rest_route=\/wp\/v2\/pages"}],"about":[{"href":"https:\/\/gunarasgarden.hu\/index.php?rest_route=\/wp\/v2\/types\/page"}],"author":[{"embeddable":true,"href":"https:\/\/gunarasgarden.hu\/index.php?rest_route=\/wp\/v2\/users\/1"}],"replies":[{"embeddable":true,"href":"https:\/\/gunarasgarden.hu\/index.php?rest_route=%2Fwp%2Fv2%2Fcomments&post=2650"}],"version-history":[{"count":9,"href":"https:\/\/gunarasgarden.hu\/index.php?rest_route=\/wp\/v2\/pages\/2650\/revisions"}],"predecessor-version":[{"id":3092,"href":"https:\/\/gunarasgarden.hu\/index.php?rest_route=\/wp\/v2\/pages\/2650\/revisions\/3092"}],"wp:attachment":[{"href":"https:\/\/gunarasgarden.hu\/index.php?rest_route=%2Fwp%2Fv2%2Fmedia&parent=2650"}],"curies":[{"name":"wp","href":"https:\/\/api.w.org\/{rel}","templated":true}]}}